{"id":1437,"date":"2017-12-18T08:18:02","date_gmt":"2017-12-18T06:18:02","guid":{"rendered":"https:\/\/dst.facem.com\/about-us\/politica-della-qualita\/"},"modified":"2025-07-10T13:02:42","modified_gmt":"2025-07-10T11:02:42","slug":"politica-della-qualita","status":"publish","type":"page","link":"https:\/\/dst.facem.com\/en\/about-us\/politica-della-qualita\/","title":{"rendered":"Politica della Qualit\u00e0"},"content":{"rendered":"\n<style type=\"text\/css\" data-created_by=\"avia_inline_auto\" id=\"style-css-av-8w6iko-98a603d74aea4723c5e5583ecb480d90\">\n.flex_column.av-8w6iko-98a603d74aea4723c5e5583ecb480d90{\nborder-radius:0px 0px 0px 0px;\npadding:0px 0px 0px 0px;\n}\n<\/style>\n<div  class='flex_column av-8w6iko-98a603d74aea4723c5e5583ecb480d90 av_one_half  avia-builder-el-0  el_before_av_one_half  avia-builder-el-first  first flex_column_div av-zero-column-padding  '     ><section  class='av_textblock_section av-7hdt8o-a99dfc5ca9c31a0ab44dc5eca3afd948 '   itemscope=\"itemscope\" itemtype=\"https:\/\/schema.org\/CreativeWork\" ><div class='avia_textblock'  itemprop=\"text\" ><h3>La politica della qualit\u00e0<\/h3>\n<div  class='hr av-maa1k-6d320b1f004ba861ab2a927b62318363 hr-default  avia-builder-el-2  avia-builder-el-no-sibling '><span class='hr-inner '><span class=\"hr-inner-style\"><\/span><\/span><\/div>\n<h5>L&#8217;eccellenza come valore<\/h5>\n<p style=\"text-align: justify;\"><span class='av_dropcap2 av-av_dropcap2-bd3e2e98007e8df5c1bbaff1392a902e'>I<\/span>n natura l&#8217;eccellenza e la normalit\u00e0.<br \/>\nL&#8217;eccellenza in ci\u00f2 che l&#8217;uomo produce, invece, \u00e8 un obiettivo che si raggiunge solo grazie alla costanza e ai mille tentativi.<\/p>\n<p>Nonostante l&#8217;impegno che questo processo comporta, la nostra azienda ha scelto da tempo a cosa puntare: vogliamo essere i migliori in ci\u00f2 che facciamo.<\/p>\n<p>Da oltre 50 anni siamo competitivi sul mercato, ma soprattutto sfidiamo continuamente noi stessi a fare di pi\u00f9 e meglio. Cerchiamo di declinare il concetto di eccellenza in ogni ambito aziendale, dal rapporto con il cliente al prodotto, dall&#8217;impatto ambientale alla sicurezza sul lavoro, passando dall\u2019analisi del contesto di tutte le parti interessate che hanno a che fare direttamente e indirettamente nella nostra attivit\u00e0.<\/p>\n<p>Promuovere la crescita aziendale, individuando criteri oggettivi e premiando l\u2019impegno, la produttivit\u00e0 e il merito, non perdendo di vista la salute e la sicurezza del lavoratore, la salvaguardia dell\u2019ambiente e l\u2019utilizzo consapevole delle risorse naturali; rafforzare e consolidare le conoscenze e competenze del proprio personale, promuovendo la formazione costante e il perfezionamento delle capacit\u00e0 professionali.<\/p>\n<p>Favorire l\u2019identificazione dei collaboratori dell\u2019azienda con La Politica della Qualit\u00e0, dell\u2019ambiente e della Sicurezza e la condivisione degli obiettivi aziendali, favorendo la consapevolezza del ruolo di ciascuno all\u2019interno dell\u2019azienda e la responsabilizzazione individuale.<\/p>\n<p>Sviluppare ed estendere efficaci ed efficienti processi di informazione e comunicazione, promuovendo il dialogo con tutte le parti interessate, per assicurare chiarezza e trasparenza nei rapporti, sia all\u2019interno che all\u2019esterno dell\u2019organizzazione.<\/p>\n<h5>Il cliente<\/h5>\n<p style=\"text-align: justify;\"><span class='av_dropcap2 av-av_dropcap2-bd3e2e98007e8df5c1bbaff1392a902e'>L<\/span>a lealt\u00e0 e la trasparenza sono i due principi che ci guidano nei nostri rapporti con il cliente. Crediamo che la fiducia sia alla base dei progetti meglio riusciti, per questo preferiamo parlare di partnership e non di semplice accordo commerciale.<\/p>\n<h5>I prodotti<\/h5>\n<p style=\"text-align: justify;\"><span class='av_dropcap2 av-av_dropcap2-bd3e2e98007e8df5c1bbaff1392a902e'>L<\/span>a FACEM \u00e8 da sempre al centro dei processi che hanno caratterizzato la storia dello stampaggio a caldo dell&#8217;acciaio e della costruzione di piccoli elettrodomestici nella divisione Food Tech. Le nostre tecnologie sono all&#8217;avanguardia, perch\u00e9 solo cos\u00ec possiamo continuare a garantire il massimo della Qualit\u00e0, Perseguiamo il miglioramento continuo e ci manteniamo competitivi sui mercati internazionali, in accordo con i requisiti della certificazione IATF: 16949 e UNI EN ISO 9001:2015.<\/p>\n<p>La nostra professionalit\u00e0 ha come obiettivo la ricerca delle soluzioni atte a prevenire ogni anomalia, cercando di azzerare i difetti di fabbricazione. In questo ci viene dato un valido supporto da tutti i nostri fornitori, i quali vengono selezionati per competenza e capacit\u00e0 garantendo il pieno rispetto delle normative in materia di salute e sicurezza sui luoghi di lavoro, nonch\u00e9 in materia ambientale, tutto questo grazie alla divulgazione e alla promozione della nostra politica integrata a fornitori e appaltatori.<\/p>\n<p>In conformit\u00e0 alle norme cogenti ed alle norme UNI EN ISO 14001:2015 e UNI ISO 45001:2018 siamo impegnati nell\u2019implementazione di un sistema di gestione integrato, anche attraverso la formazione e la consapevolezza in merito all\u2019impatto e la natura dei rischi delle loro attivit\u00e0 per:<\/p>\n<\/div><\/section><\/div>\n<style type=\"text\/css\" data-created_by=\"avia_inline_auto\" id=\"style-css-av-4tcld4-e03564d172b45d9cec208ddbe6f8938c\">\n.flex_column.av-4tcld4-e03564d172b45d9cec208ddbe6f8938c{\nborder-radius:0px 0px 0px 0px;\npadding:50px 0 0 0;\n}\n<\/style>\n<div  class='flex_column av-4tcld4-e03564d172b45d9cec208ddbe6f8938c av_one_half  avia-builder-el-3  el_after_av_one_half  avia-builder-el-last  flex_column_div  '     ><section  class='av_textblock_section av-1vnq20-4dff272f8535d05ff703f75c66033bc6 '   itemscope=\"itemscope\" itemtype=\"https:\/\/schema.org\/CreativeWork\" ><div class='avia_textblock'  itemprop=\"text\" ><h5><\/h5>\n<h5><\/h5>\n<h5>Responsabilit\u00e0 sociale<\/h5>\n<p><span class='av_dropcap2 av-av_dropcap2-bd3e2e98007e8df5c1bbaff1392a902e'>F<\/span>acem vuole essere un azienda inclusiva ed equa, accogliendo persone di ogni et\u00e0, cultura, estrazione sociale e genere offrendo pari opportunit\u00e0 per chiunque.<\/p>\n<p>Considerare i propri dipendenti come una risorsa strategica, garantendo il rispetto dei loro diritti e promovendone lo sviluppo professionale e personale.<\/p>\n<h5>L&#8217;Ambiente<\/h5>\n<p style=\"text-align: justify;\"><span class='av_dropcap2 av-av_dropcap2-bd3e2e98007e8df5c1bbaff1392a902e'>C<\/span>i impegniamo a mitigare continuamente l&#8217;impatto ambientale della nostra azienda, impegnandoci alla protezione dell\u2019ambiente, attraverso:<\/p>\n<ul>\n<li>Mitigazione di cambiamenti climatici riducendo l\u2019emissione di gas serra<\/li>\n<li>Promuovere l\u2019adozione di tecnologie rinnovabili e a bassa emissione di carbonio<\/li>\n<li>Favorire un uso pi\u00f9 efficiente delle risorse naturali ,promuovendo il risparmio energetico e la sostenibilit\u00e0<\/li>\n<li>Sensibilizzare e coinvolgere i dipendenti in azioni dirette per contrastare i cambiamenti climatici incluso la prevenzione dell\u2019inquinamento, operando in particolare attraverso:<br \/>\n&#8211; una gestione integrata dei rifiuti condivisa con gli interlocutori locali e sempre pi\u00f9 volta alla loro riduzione e recupero;<br \/>\n&#8211; la ricerca di soluzioni che consentano il risparmio energetico;<br \/>\n&#8211; la ricerca di soluzioni tali da ridurre il rischio di accadimenti dannosi per l\u2019ambiente nel rispetto dei requisiti cogenti.<\/li>\n<\/ul>\n<h5>La salute e sicurezza sul lavoro<\/h5>\n<p style=\"text-align: justify;\"><span class='av_dropcap2 av-av_dropcap2-bd3e2e98007e8df5c1bbaff1392a902e'>L<\/span>e nostre persone sono qualificate ed il loro patrimonio di esperienza viene conservato, migliorato e trasmesso alle nuove generazioni: \u00e8 grazie a loro che la FACEM \u2013divisione stampaggio e divisione food tech -pu\u00f2 continuare ad innovarsi e crescere.<\/p>\n<p>Per questo motivo puntiamo molto sulla formazione e sulla loro consapevolezza in merito all\u2019impatto della loro attivit\u00e0.<\/p>\n<p>Vengono tutelati al massimo delle nostre possibilit\u00e0 nelle mansioni che svolgono:<\/p>\n<ul>\n<li>garantendo che gli ambienti di lavoro siano sani, idonei, sicuri ed ergonomici allo svolgimento delle attivit\u00e0;<\/li>\n<li>salvaguardando la salute degli stessi attraverso il continuo monitoraggio sanitario e la sua valutazione;<\/li>\n<li>riducendo gli infortuni e le malattie professionali a cui sono sottoposti, operando sempre in una logica di prevenzione e riduzione del rischio per la salute e per la sicurezza delle persone sui luoghi di lavoro.<\/li>\n<\/ul>\n<p>Promuovere la partecipazione di tutta la struttura aziendale, secondo le diverse attribuzioni competenze; promuovere azioni di formazione e sensibilizzazione a tutto il personale dipendente verificandone sistematicamente l\u2019efficacia; promuovere con i propri fornitori e appaltatori la politica integrata e l&#8217;adozione del proprio sistema in conformit\u00e0 del sistema integrato, verificare tutti i requisiti legali e altri requisiti; fornitori competenti ed in grado di marciare con noi nella direzione della qualit\u00e0, rispettando in pieno le normative in materia di salute e sicurezza sui luoghi di lavoro, nonch\u00e9 in materia ambientale.<\/p>\n<p>Questi obiettivi sono raggiungibili solamente grazie al completo, incondizionato e continuo impegno da parte della direzione ed attraverso un&#8217;analisi dei rischi e delle opportunit\u00e0 mirata e monitorando continuamente i parametri critici, migliorando le prestazioni erogate basandosi su dati concreti e riscontrabili.<\/p>\n<p>L&#8217;attenzione \u00e8 anche mirata a ci\u00f2 che fanno i nostri competitor, negli interessi di tutte le parti interessate.<\/p>\n<p style=\"text-align: right;\">Valperga, 2\/4\/2025<br \/>\n<em>La Direzione<\/em><\/p>\n<\/div><\/section><\/div><\/p>\n","protected":false},"excerpt":{"rendered":"","protected":false},"author":1,"featured_media":0,"parent":685,"menu_order":0,"comment_status":"closed","ping_status":"closed","template":"","meta":{"footnotes":""},"class_list":["post-1437","page","type-page","status-publish","hentry"],"_links":{"self":[{"href":"https:\/\/dst.facem.com\/en\/wp-json\/wp\/v2\/pages\/1437","targetHints":{"allow":["GET"]}}],"collection":[{"href":"https:\/\/dst.facem.com\/en\/wp-json\/wp\/v2\/pages"}],"about":[{"href":"https:\/\/dst.facem.com\/en\/wp-json\/wp\/v2\/types\/page"}],"author":[{"embeddable":true,"href":"https:\/\/dst.facem.com\/en\/wp-json\/wp\/v2\/users\/1"}],"replies":[{"embeddable":true,"href":"https:\/\/dst.facem.com\/en\/wp-json\/wp\/v2\/comments?post=1437"}],"version-history":[{"count":1,"href":"https:\/\/dst.facem.com\/en\/wp-json\/wp\/v2\/pages\/1437\/revisions"}],"predecessor-version":[{"id":1456,"href":"https:\/\/dst.facem.com\/en\/wp-json\/wp\/v2\/pages\/1437\/revisions\/1456"}],"up":[{"embeddable":true,"href":"https:\/\/dst.facem.com\/en\/wp-json\/wp\/v2\/pages\/685"}],"wp:attachment":[{"href":"https:\/\/dst.facem.com\/en\/wp-json\/wp\/v2\/media?parent=1437"}],"curies":[{"name":"wp","href":"https:\/\/api.w.org\/{rel}","templated":true}]}}