{"id":722,"date":"2014-06-05T08:53:59","date_gmt":"2014-06-05T06:53:59","guid":{"rendered":"http:\/\/testdst.facem.com\/?page_id=722"},"modified":"2025-10-13T11:05:01","modified_gmt":"2025-10-13T09:05:01","slug":"trespade","status":"publish","type":"page","link":"https:\/\/dst.facem.com\/en\/about-us\/trespade\/","title":{"rendered":"Trespade"},"content":{"rendered":"<\/p>\n<p><div  class='flex_column av-av_one_half-2a9015ff38129c418a3f2eafba3e9512 av_one_half  avia-builder-el-0  el_before_av_one_half  avia-builder-el-first  first flex_column_div  '     ><style type=\"text\/css\" data-created_by=\"avia_inline_auto\" id=\"style-css-av-av_image-e391c489984b2cac08462cdecba2bbd1\">\n.avia-image-container.av-av_image-e391c489984b2cac08462cdecba2bbd1 img.avia_image{\nbox-shadow:none;\n}\n.avia-image-container.av-av_image-e391c489984b2cac08462cdecba2bbd1 .av-image-caption-overlay-center{\ncolor:#ffffff;\n}\n<\/style>\n<div  class='avia-image-container av-av_image-e391c489984b2cac08462cdecba2bbd1 av-styling- avia-align-center  avia-builder-el-1  avia-builder-el-no-sibling '   itemprop=\"image\" itemscope=\"itemscope\" itemtype=\"https:\/\/schema.org\/ImageObject\" ><div class=\"avia-image-container-inner\"><div class=\"avia-image-overlay-wrap\"><img decoding=\"async\" width=\"929\" height=\"657\" fetchpriority=\"high\" class='wp-image-1212 avia-img-lazy-loading-not-1212 avia_image ' src=\"http:\/\/testdst.facem.com\/wp-content\/uploads\/2014\/06\/Schermata-2014-07-30-alle-10.45.24.png\" alt='' title='Schermata 2014-07-30 alle 10.45.24'   itemprop=\"thumbnailUrl\" srcset=\"https:\/\/dst.facem.com\/wp-content\/uploads\/2014\/06\/Schermata-2014-07-30-alle-10.45.24.png 929w, https:\/\/dst.facem.com\/wp-content\/uploads\/2014\/06\/Schermata-2014-07-30-alle-10.45.24-300x212.png 300w, https:\/\/dst.facem.com\/wp-content\/uploads\/2014\/06\/Schermata-2014-07-30-alle-10.45.24-260x185.png 260w, https:\/\/dst.facem.com\/wp-content\/uploads\/2014\/06\/Schermata-2014-07-30-alle-10.45.24-705x498.png 705w, https:\/\/dst.facem.com\/wp-content\/uploads\/2014\/06\/Schermata-2014-07-30-alle-10.45.24-450x318.png 450w\" sizes=\"(max-width: 929px) 100vw, 929px\" \/><\/div><\/div><\/div><\/div> <div  class='flex_column av-av_one_half-b51168870d26eac9084c0e2dc495efe0 av_one_half  avia-builder-el-2  el_after_av_one_half  el_before_av_hr  flex_column_div  '     ><section  class='av_textblock_section av-av_textblock-a7bac4a6e49c8eb47262a43fda825da8 '   itemscope=\"itemscope\" itemtype=\"https:\/\/schema.org\/CreativeWork\" ><div class='avia_textblock'  itemprop=\"text\" ><h3><span style=\"color: #d22027;\">Tre Spade<\/span><\/h3>\n<div  class='hr av-av_hr-d3021aff4e2c88ff75459fd6b3a45a12 hr-default  avia-builder-el-4  avia-builder-el-no-sibling '><span class='hr-inner '><span class=\"hr-inner-style\"><\/span><\/span><\/div>\n<p style=\"text-align: justify;\">\n<style type=\"text\/css\" data-created_by=\"avia_inline_auto\" id=\"style-css-av-av_dropcap2-6b884614969354a8557891eb48093279\">\n.av_dropcap2.av-av_dropcap2-6b884614969354a8557891eb48093279{\nbackground-color:#d22027;\n}\n<\/style>\n<span class='av_dropcap2 av-av_dropcap2-6b884614969354a8557891eb48093279'>T<\/span>re Spade \u00e8 il marchio della divisione Food Processing di FACEM.<\/p>\n<p style=\"text-align: justify;\">E\u2019 presente sul mercato degli strumenti per la lavorazione e la conservazione degli alimenti fin dal 1894 con un\u2019ampia gamma di prodotti orgogliosamente Made in Italy, ideati, progettati e realizzati nello stabilimento di Forno Canavese e diffusi sulle tavole, nelle cucine e nei laboratori in oltre 60 Paesi del mondo.<\/p>\n<p style=\"text-align: justify;\">I prodotti TRE SPADE esprimono un singolare connubio fra tradizione e innovazione, solidit\u00e0 e design, attenzione alle richieste dei clienti e ricerca tecnologica e testimoniano la volont\u00e0 di unire una qualit\u00e0 industriale pazientemente costruita negli anni all\u2019esplorazione di direzioni ogni giorno diverse.<\/p>\n<p style=\"text-align: justify;\">Con impegno e fantasia.<\/p>\n<\/div><\/section> \n<style type=\"text\/css\" data-created_by=\"avia_inline_auto\" id=\"style-css-av-av_hr-f6533e5d9c642b6b3ed6103319b748a8\">\n#top .hr.hr-invisible.av-av_hr-f6533e5d9c642b6b3ed6103319b748a8{\nheight:25px;\n}\n<\/style>\n<div  class='hr av-av_hr-f6533e5d9c642b6b3ed6103319b748a8 hr-invisible  avia-builder-el-5  el_after_av_textblock  el_before_av_button '><span class='hr-inner '><span class=\"hr-inner-style\"><\/span><\/span><\/div> <div  class='avia-button-wrap av-av_button-be0cc57b8fd9c45b4ab91097e5e10c7c-wrap avia-button-left  avia-builder-el-6  el_after_av_hr  avia-builder-el-last '>\n<style type=\"text\/css\" data-created_by=\"avia_inline_auto\" id=\"style-css-av-av_button-be0cc57b8fd9c45b4ab91097e5e10c7c\">\n#top #wrap_all .avia-button.av-av_button-be0cc57b8fd9c45b4ab91097e5e10c7c{\nbackground-color:#d22027;\nborder-color:#d22027;\ncolor:#ffffff;\ntransition:all 0.4s ease-in-out;\n}\n#top #wrap_all .avia-button.av-av_button-be0cc57b8fd9c45b4ab91097e5e10c7c .avia-svg-icon svg:first-child{\nfill:#ffffff;\nstroke:#ffffff;\n}\n<\/style>\n<a href='http:\/\/www.trespade.it'  class='avia-button av-av_button-be0cc57b8fd9c45b4ab91097e5e10c7c av-link-btn avia-icon_select-yes-left-icon avia-size-small avia-position-left'  target=\"_blank\"  rel=\"noopener noreferrer\"  aria-label=\"Vai al sito TreSpade\"><span class='avia_button_icon avia_button_icon_left avia-iconfont avia-font-entypo-fontello' data-av_icon='\ue85c' data-av_iconfont='entypo-fontello' ><\/span><span class='avia_iconbox_title' >Vai al sito TreSpade<\/span><\/a><\/div> <\/p><\/div> <div  class='hr av-av_hr-d3021aff4e2c88ff75459fd6b3a45a12 hr-default  avia-builder-el-7  el_after_av_one_half  el_before_av_tab_container '><span class='hr-inner '><span class=\"hr-inner-style\"><\/span><\/span><\/div> <div  class='tabcontainer av-av_tab_container-0bacd910096d11a3cec6dfb538798966 top_tab  avia-builder-el-8  el_after_av_hr  el_before_av_hr '> <section class='av_tab_section av_tab_section av-av_tab-bae93093161d23644841776847ff7965'  itemscope=\"itemscope\" itemtype=\"https:\/\/schema.org\/CreativeWork\" ><div id='tab-id-1-tab' class='tab active_tab' role='tab' aria-selected=\"true\" tabindex=\"0\" data-fake-id='#tab-id-1' aria-controls='tab-id-1-content'  itemprop=\"headline\" ><span class='tab_icon avia-iconfont avia-font-entypo-fontello' data-av_icon='\ue806' data-av_iconfont='entypo-fontello' ><\/span>I Prodotti<\/div><div id='tab-id-1-content' class='tab_content active_tab_content' role='tabpanel' aria-labelledby='tab-id-1-tab' aria-hidden=\"false\"><div class='tab_inner_content invers-color'  itemprop=\"text\" ><p style=\"text-align: justify;\">\n<style type=\"text\/css\" data-created_by=\"avia_inline_auto\" id=\"style-css-av-av_dropcap2-6b884614969354a8557891eb48093279\">\n.av_dropcap2.av-av_dropcap2-6b884614969354a8557891eb48093279{\nbackground-color:#d22027;\n}\n<\/style>\n<span class='av_dropcap2 av-av_dropcap2-6b884614969354a8557891eb48093279'>T<\/span>RE SPADE \u00e8 sempre stata attenta alle esigenze del mercato ed alle richieste dei consumatori. Ed \u00e8 per questo che nel corso degli anni la produzione si \u00e8 evoluta, ampliata e diversificata. Dai macinapepe e macinacaff\u00e9, che nascondono sempre le esclusive macine coniche TRE SPADE premiate dalle analisi dei consumatori come quelle con le migliori performances in assoluto, agli spremipomodoro per la tipica \u201cpassata\u201d, dall\u2019ampia scelta di tritacarne alle insaccatrici per salumi, dalle mescolatrici alle innovative confezionatrici sottovuoto, il marchio TRE SPADE identifica da sempre articoli riconosciuti per finitura estetica, alte prestazioni e durata nel tempo, che quotidianamente consolidano la posizione dell\u2019azienda tra i leader mondiali del settore .<\/p>\n<\/div><\/div><\/section> <section class='av_tab_section av_tab_section av-av_tab-b5a4e4bf427dd10751eb1c8041dd874b'  itemscope=\"itemscope\" itemtype=\"https:\/\/schema.org\/CreativeWork\" ><div id='tab-id-2-tab' class='tab' role='tab' aria-selected=\"false\" tabindex=\"0\" data-fake-id='#tab-id-2' aria-controls='tab-id-2-content'  itemprop=\"headline\" ><span class='tab_icon avia-iconfont avia-font-entypo-fontello' data-av_icon='\ue808' data-av_iconfont='entypo-fontello' ><\/span>La Qualit\u00e0<\/div><div id='tab-id-2-content' class='tab_content' role='tabpanel' aria-labelledby='tab-id-2-tab' aria-hidden=\"true\"><div class='tab_inner_content invers-color'  itemprop=\"text\" ><p style=\"text-align: justify;\">\n<style type=\"text\/css\" data-created_by=\"avia_inline_auto\" id=\"style-css-av-av_dropcap2-6b884614969354a8557891eb48093279\">\n.av_dropcap2.av-av_dropcap2-6b884614969354a8557891eb48093279{\nbackground-color:#d22027;\n}\n<\/style>\n<span class='av_dropcap2 av-av_dropcap2-6b884614969354a8557891eb48093279'>L<\/span>a qualit\u00e0 del prodotto \u00e8 uno dei punti di forza della FACEM, tanto nella Divisione di Stampaggio a Caldo quanto nella Divisione Tre Spade &#8211; Food Processing.<\/p>\n<p style=\"text-align: justify;\">Curare ogni dettaglio \u00e8 il solo modo di lavorare che conosciamo, perch\u00e9 l\u2019esperienza ci ha insegnato che, alla fine, le cose fatte bene sono quelle che rimangono. Costruire la Qualit\u00e0 \u00e8 un lavoro quotidiano, fatto di creazione del know-how specialistico e di costante rinnovamento del parco macchine, di aggiornamento sull\u2019hardware e sul software dei pi\u00f9 avanzati strumenti di calcolo e di formazione del personale e creazione del \u201cgioco di squadra\u201d, di attenzione ai suggerimenti dei clienti e di attenzione alla ricerca e allo sviluppo.\u00a0E\u2019 il nostro lavoro, ogni giorno con cura.<\/p>\n<\/div><\/div><\/section> <section class='av_tab_section av_tab_section av-av_tab-e4f9cca28fb25bec2ae3fb7d28d99f13'  itemscope=\"itemscope\" itemtype=\"https:\/\/schema.org\/CreativeWork\" ><div id='tab-id-3-tab' class='tab' role='tab' aria-selected=\"false\" tabindex=\"0\" data-fake-id='#tab-id-3' aria-controls='tab-id-3-content'  itemprop=\"headline\" ><span class='tab_icon avia-iconfont avia-font-entypo-fontello' data-av_icon='\ue859' data-av_iconfont='entypo-fontello' ><\/span>Il Mercato<\/div><div id='tab-id-3-content' class='tab_content' role='tabpanel' aria-labelledby='tab-id-3-tab' aria-hidden=\"true\"><div class='tab_inner_content invers-color'  itemprop=\"text\" ><p style=\"text-align: justify;\">\n<style type=\"text\/css\" data-created_by=\"avia_inline_auto\" id=\"style-css-av-av_dropcap2-6b884614969354a8557891eb48093279\">\n.av_dropcap2.av-av_dropcap2-6b884614969354a8557891eb48093279{\nbackground-color:#d22027;\n}\n<\/style>\n<span class='av_dropcap2 av-av_dropcap2-6b884614969354a8557891eb48093279'>L<\/span>a produzione di TRE SPADE \u00e8 dedicata principalmente alle piccole aziende e alle imprese famigliari, quelle che vogliono offrire alla propria clientela genuinit\u00e0, qualit\u00e0 e sicurezza: dagli agriturismo alle salumerie, dai supermercati alimentari agli alberghi, dalle norcinerie alle cascine. Ma l\u2019ampiezza e la profondit\u00e0 della gamma permette di servire con completezza anche l\u2019ambito casalingo e il settore Ho.Re.Ca. (Hotel, Restaurant and Catering), al quale TRE SPADE dedica una linea specifica. Fin dalle sue origini l\u2019azienda ha mostrato una notevole predisposizione all\u2019export ed il marchio TRE SPADE \u00e8 ora presente in tutti e cinque i continenti: in Italia la distribuzione \u00e8 capillare e \u00a0importatori ed esclusivisti sono presenti in tutti i Paesi europei, in Canada e Stati Uniti, in America Latina, nei Paesi del Nord Africa, nella Repubblica Sudafricana, in Arabia Saudita, in Giappone, nel Sud Est Asiatico e in Australia.<\/p>\n<\/div><\/div><\/section> <\/div> <div  class='hr av-av_hr-d3021aff4e2c88ff75459fd6b3a45a12 hr-default  avia-builder-el-9  el_after_av_tab_container  el_before_av_one_third '><span class='hr-inner '><span class=\"hr-inner-style\"><\/span><\/span><\/div> <div  class='flex_column av-av_one_third-2a9015ff38129c418a3f2eafba3e9512 av_one_third  avia-builder-el-10  el_after_av_hr  el_before_av_one_third  first flex_column_div  '     ><div  class='avia-video av-av_video-b85cd1c1c7e12e389ec6c57c10e7375c avia-video-16-9 av-no-preview-image avia-video-load-always av-lazyload-immediate av-lazyload-video-embed'  itemprop=\"video\" itemtype=\"https:\/\/schema.org\/VideoObject\"  data-original_url='https:\/\/www.youtube.com\/watch?v=a1BQvRRb-PA&list=UU6zIFZjRCrmdvL2pAoSSB8A'><script type='text\/html' class='av-video-tmpl'><div class='avia-iframe-wrap'><iframe loading=\"lazy\" title=\"Tre Spade a Host 2013 - Christian Milone racconta Toollio\" width=\"1500\" height=\"844\" src=\"https:\/\/www.youtube.com\/embed\/a1BQvRRb-PA?list=UU6zIFZjRCrmdvL2pAoSSB8A&autoplay=0&loop=0&controls=1&mute=0\" frameborder=\"0\" allow=\"accelerometer; autoplay; clipboard-write; encrypted-media; gyroscope; picture-in-picture; web-share\" referrerpolicy=\"strict-origin-when-cross-origin\" allowfullscreen><\/iframe><\/div><\/script><div class='av-click-to-play-overlay'><div class=\"avia_playpause_icon\"><\/div><\/div><\/div><\/div> <div  class='flex_column av-av_one_third-b51168870d26eac9084c0e2dc495efe0 av_one_third  avia-builder-el-12  el_after_av_one_third  el_before_av_one_third  flex_column_div  '     ><div  class='avia-video av-av_video-89268bea766d9b88bc38eac3d0bd5f18 avia-video-16-9 av-no-preview-image avia-video-load-always av-lazyload-immediate av-lazyload-video-embed'  itemprop=\"video\" itemtype=\"https:\/\/schema.org\/VideoObject\"  data-original_url='https:\/\/www.youtube.com\/watch?v=ZOP3VndEw5I&list=UU6zIFZjRCrmdvL2pAoSSB8A'><script type='text\/html' class='av-video-tmpl'><div class='avia-iframe-wrap'><iframe loading=\"lazy\" title=\"Il sistema Takaje, la rivoluzione del sottovuoto\" width=\"1500\" height=\"844\" src=\"https:\/\/www.youtube.com\/embed\/ZOP3VndEw5I?list=UU6zIFZjRCrmdvL2pAoSSB8A&autoplay=0&loop=0&controls=1&mute=0\" frameborder=\"0\" allow=\"accelerometer; autoplay; clipboard-write; encrypted-media; gyroscope; picture-in-picture; web-share\" referrerpolicy=\"strict-origin-when-cross-origin\" allowfullscreen><\/iframe><\/div><\/script><div class='av-click-to-play-overlay'><div class=\"avia_playpause_icon\"><\/div><\/div><\/div><\/div> <div  class='flex_column av-av_one_third-b51168870d26eac9084c0e2dc495efe0 av_one_third  avia-builder-el-14  el_after_av_one_third  avia-builder-el-last  flex_column_div  '     ><div  class='avia-video av-av_video-62b5d9ece4e0d5fd3fea03f76658759d avia-video-16-9 av-no-preview-image avia-video-load-always av-lazyload-immediate av-lazyload-video-embed'  itemprop=\"video\" itemtype=\"https:\/\/schema.org\/VideoObject\"  data-original_url='https:\/\/www.youtube.com\/watch?v=2vI2hUFQK0E&list=UU6zIFZjRCrmdvL2pAoSSB8A'><script type='text\/html' class='av-video-tmpl'><div class='avia-iframe-wrap'><iframe loading=\"lazy\" title=\"Toollio di Tre Spade nella cucina di Milone - Una mente moderna\" width=\"1500\" height=\"844\" src=\"https:\/\/www.youtube.com\/embed\/2vI2hUFQK0E?list=UU6zIFZjRCrmdvL2pAoSSB8A&autoplay=0&loop=0&controls=1&mute=0\" frameborder=\"0\" allow=\"accelerometer; autoplay; clipboard-write; encrypted-media; gyroscope; picture-in-picture; web-share\" referrerpolicy=\"strict-origin-when-cross-origin\" allowfullscreen><\/iframe><\/div><\/script><div class='av-click-to-play-overlay'><div class=\"avia_playpause_icon\"><\/div><\/div><\/div><\/div><\/p>\n","protected":false},"excerpt":{"rendered":"","protected":false},"author":1,"featured_media":0,"parent":685,"menu_order":0,"comment_status":"closed","ping_status":"open","template":"","meta":{"footnotes":""},"class_list":["post-722","page","type-page","status-publish","hentry"],"_links":{"self":[{"href":"https:\/\/dst.facem.com\/en\/wp-json\/wp\/v2\/pages\/722","targetHints":{"allow":["GET"]}}],"collection":[{"href":"https:\/\/dst.facem.com\/en\/wp-json\/wp\/v2\/pages"}],"about":[{"href":"https:\/\/dst.facem.com\/en\/wp-json\/wp\/v2\/types\/page"}],"author":[{"embeddable":true,"href":"https:\/\/dst.facem.com\/en\/wp-json\/wp\/v2\/users\/1"}],"replies":[{"embeddable":true,"href":"https:\/\/dst.facem.com\/en\/wp-json\/wp\/v2\/comments?post=722"}],"version-history":[{"count":4,"href":"https:\/\/dst.facem.com\/en\/wp-json\/wp\/v2\/pages\/722\/revisions"}],"predecessor-version":[{"id":1569,"href":"https:\/\/dst.facem.com\/en\/wp-json\/wp\/v2\/pages\/722\/revisions\/1569"}],"up":[{"embeddable":true,"href":"https:\/\/dst.facem.com\/en\/wp-json\/wp\/v2\/pages\/685"}],"wp:attachment":[{"href":"https:\/\/dst.facem.com\/en\/wp-json\/wp\/v2\/media?parent=722"}],"curies":[{"name":"wp","href":"https:\/\/api.w.org\/{rel}","templated":true}]}}